{"id":47,"date":"2020-12-08T10:11:04","date_gmt":"2020-12-08T10:11:04","guid":{"rendered":"https:\/\/soma.cat\/?post_type=product&#038;p=47"},"modified":"2023-04-01T18:58:59","modified_gmt":"2023-04-01T18:58:59","slug":"instituto-espanol-gel-bano-y-ducha-para-piel-atopica-500-ml","status":"publish","type":"product","link":"https:\/\/soma.cat\/index.php\/product\/instituto-espanol-gel-bano-y-ducha-para-piel-atopica-500-ml\/","title":{"rendered":"Instituto Espa\u00f1ol Gel Ba\u00f1o y Ducha para Piel At\u00f3pica &#8211; 500 ml"},"content":{"rendered":"<p>Ingredientes:<\/p>\n<p>Aqua (water), Disodium cocoamphodiacetate, Peg-7 glyceryl cocoate, Peg-200 hydrogenated Glyceryl palmate, Sodium chloride, Disodium lauroamphodiacetate, Sodium lauryl sulfate, Hexylene glycol, Citric acid, Propylene glycol, Peg-55 propylene Glycol oleate, Phenoxyethanol, Parfum (fragrance), Caprylyl glycol, Ppg-15 stearyl ether, Peg-40 hydrogenated castor oil, Xylitylglucoside, Tocopheryl acetate, Anhydroxylitol, Plukenetia volubilis seed oil, Xylitol, Tocopherol, Glucose, Bht.<\/p>\n","protected":false},"excerpt":{"rendered":"<p>Ingredientes: Aqua (water), Disodium cocoamphodiacetate, Peg-7 glyceryl cocoate, Peg-200 hydrogenated Glyceryl palmate, Sodium chloride, Disodium lauroamphodiacetate, Sodium lauryl sulfate, Hexylene glycol, Citric acid, Propylene glycol, Peg-55 propylene Glycol oleate, Phenoxyethanol, Parfum (fragrance), Caprylyl glycol, Ppg-15 stearyl ether, Peg-40 hydrogenated castor oil, Xylitylglucoside, Tocopheryl acetate, Anhydroxylitol, Plukenetia volubilis seed oil, Xylitol, Tocopherol, Glucose, Bht.<\/p>\n","protected":false},"featured_media":48,"comment_status":"open","ping_status":"closed","template":"","meta":[],"class_list":["post-47","product","type-product","status-publish","has-post-thumbnail","hentry","product_cat-geles-de-ducha"],"_links":{"self":[{"href":"https:\/\/soma.cat\/index.php\/wp-json\/wp\/v2\/product\/47","targetHints":{"allow":["GET"]}}],"collection":[{"href":"https:\/\/soma.cat\/index.php\/wp-json\/wp\/v2\/product"}],"about":[{"href":"https:\/\/soma.cat\/index.php\/wp-json\/wp\/v2\/types\/product"}],"replies":[{"embeddable":true,"href":"https:\/\/soma.cat\/index.php\/wp-json\/wp\/v2\/comments?post=47"}],"wp:featuredmedia":[{"embeddable":true,"href":"https:\/\/soma.cat\/index.php\/wp-json\/wp\/v2\/media\/48"}],"wp:attachment":[{"href":"https:\/\/soma.cat\/index.php\/wp-json\/wp\/v2\/media?parent=47"}],"curies":[{"name":"wp","href":"https:\/\/api.w.org\/{rel}","templated":true}]}}