{"id":49,"date":"2020-12-08T14:52:00","date_gmt":"2020-12-08T14:52:00","guid":{"rendered":"https:\/\/soma.cat\/?page_id=49"},"modified":"2020-12-08T15:58:38","modified_gmt":"2020-12-08T15:58:38","slug":"consultas-gratuitas","status":"publish","type":"page","link":"https:\/\/soma.cat\/index.php\/consultas-gratuitas\/","title":{"rendered":"Consultas gratuitas"},"content":{"rendered":"\n<p>En Soma.cat te ofrecemos un servicio gratuito de consultor\u00eda individualizada sobre productos cosm\u00e9ticos o sanitarios. Contamos con a\u00f1os de experiencia analizando formulaciones cosm\u00e9ticas y una formaci\u00f3n consistente: Licenciatura en Farmacia por la Universidad de Barcelona (UB), M\u00e1ster en Investigaci\u00f3n Cl\u00ednica por la Universidad Aut\u00f3noma de Barcelona (UAB) y Doctorado por la UAB. Adem\u00e1s, contamos con formaci\u00f3n espec\u00edfica que nos acredita para evaluar la seguridad de los productos cosm\u00e9ticos seg\u00fan las disposiciones de la normativa europea.<\/p>\n\n\n\n<p>Puedes realizar consultas tanto sobre qu\u00e9 productos ser\u00edan id\u00f3neos para tus caracter\u00edsticas (por ejemplo si tienes piel seca, at\u00f3pica o alg\u00fan problema espec\u00edfico) como cualquier otro tema de tu inter\u00e9s relacionado con cosm\u00e9ticos y\/o productos sanitarios (tambi\u00e9n aspectos t\u00e9cnicos o relacionados con importaci\u00f3n o log\u00edstica).<\/p>\n\n\n\n<p>Si deseas consultarnos, puedes escribir un correo electr\u00f3nico a <a href=\"mailto:francesc@soma.cat\">francesc@soma.cat<\/a> o utilizar el siguiente formulario de contacto:<\/p>\n\n\n<div role=\"form\" class=\"wpcf7\" id=\"wpcf7-f52-o1\" lang=\"es-ES\" dir=\"ltr\">\n<div class=\"screen-reader-response\"><p role=\"status\" aria-live=\"polite\" aria-atomic=\"true\"><\/p> <ul><\/ul><\/div>\n<form action=\"\/index.php\/wp-json\/wp\/v2\/pages\/49#wpcf7-f52-o1\" method=\"post\" class=\"wpcf7-form init\" novalidate=\"novalidate\" data-status=\"init\">\n<div style=\"display: none;\">\n<input type=\"hidden\" name=\"_wpcf7\" value=\"52\" \/>\n<input type=\"hidden\" name=\"_wpcf7_version\" value=\"5.3.1\" \/>\n<input type=\"hidden\" name=\"_wpcf7_locale\" value=\"es_ES\" \/>\n<input type=\"hidden\" name=\"_wpcf7_unit_tag\" value=\"wpcf7-f52-o1\" \/>\n<input type=\"hidden\" name=\"_wpcf7_container_post\" value=\"0\" \/>\n<input type=\"hidden\" name=\"_wpcf7_posted_data_hash\" value=\"\" \/>\n<\/div>\n<p><label> Tu nombre<br \/>\n    <span class=\"wpcf7-form-control-wrap your-name\"><input type=\"text\" name=\"your-name\" value=\"\" size=\"40\" class=\"wpcf7-form-control wpcf7-text wpcf7-validates-as-required\" aria-required=\"true\" aria-invalid=\"false\" \/><\/span> <\/label><\/p>\n<p><label> Tu correo electr\u00f3nico<br \/>\n    <span class=\"wpcf7-form-control-wrap your-email\"><input type=\"email\" name=\"your-email\" value=\"\" size=\"40\" class=\"wpcf7-form-control wpcf7-text wpcf7-email wpcf7-validates-as-required wpcf7-validates-as-email\" aria-required=\"true\" aria-invalid=\"false\" \/><\/span> <\/label><\/p>\n<p><label> Asunto<br \/>\n    <span class=\"wpcf7-form-control-wrap your-subject\"><input type=\"text\" name=\"your-subject\" value=\"\" size=\"40\" class=\"wpcf7-form-control wpcf7-text\" aria-invalid=\"false\" \/><\/span> <\/label><\/p>\n<p><label> Tu mensaje (opcional)<br \/>\n    <span class=\"wpcf7-form-control-wrap your-message\"><textarea name=\"your-message\" cols=\"40\" rows=\"10\" class=\"wpcf7-form-control wpcf7-textarea\" aria-invalid=\"false\"><\/textarea><\/span> <\/label><\/p>\n<p><span class=\"wpcf7-form-control-wrap acceptance-203\"><span class=\"wpcf7-form-control wpcf7-acceptance optional\"><span class=\"wpcf7-list-item\"><label><input type=\"checkbox\" name=\"acceptance-203\" value=\"1\" aria-invalid=\"false\" \/><span class=\"wpcf7-list-item-label\">Acepto la <a href=\"https:\/\/soma.cat\/index.php\/politica-de-privacidad\/\">pol\u00edtica de privacidad<\/a> de soma.cat<\/span><\/label><\/span><\/span><\/span><\/p>\n<p><input type=\"submit\" value=\"Enviar\" class=\"wpcf7-form-control wpcf7-submit\" \/><\/p>\n<div class=\"wpcf7-response-output\" aria-hidden=\"true\"><\/div><\/form><\/div>","protected":false},"excerpt":{"rendered":"<p>En Soma.cat te ofrecemos un servicio gratuito de consultor\u00eda individualizada sobre productos cosm\u00e9ticos o sanitarios. Contamos con a\u00f1os de experiencia analizando formulaciones cosm\u00e9ticas y una formaci\u00f3n consistente: Licenciatura en Farmacia por la Universidad de Barcelona (UB), M\u00e1ster en Investigaci\u00f3n Cl\u00ednica por la Universidad Aut\u00f3noma de Barcelona (UAB) y Doctorado por la UAB. Adem\u00e1s, contamos con &hellip; <\/p>\n<p class=\"link-more\"><a href=\"https:\/\/soma.cat\/index.php\/consultas-gratuitas\/\" class=\"more-link\">Continue reading<span class=\"screen-reader-text\"> &#8220;Consultas gratuitas&#8221;<\/span><\/a><\/p>\n","protected":false},"author":1,"featured_media":0,"parent":0,"menu_order":0,"comment_status":"closed","ping_status":"closed","template":"","meta":{"footnotes":""},"class_list":["post-49","page","type-page","status-publish","hentry"],"_links":{"self":[{"href":"https:\/\/soma.cat\/index.php\/wp-json\/wp\/v2\/pages\/49","targetHints":{"allow":["GET"]}}],"collection":[{"href":"https:\/\/soma.cat\/index.php\/wp-json\/wp\/v2\/pages"}],"about":[{"href":"https:\/\/soma.cat\/index.php\/wp-json\/wp\/v2\/types\/page"}],"author":[{"embeddable":true,"href":"https:\/\/soma.cat\/index.php\/wp-json\/wp\/v2\/users\/1"}],"replies":[{"embeddable":true,"href":"https:\/\/soma.cat\/index.php\/wp-json\/wp\/v2\/comments?post=49"}],"version-history":[{"count":7,"href":"https:\/\/soma.cat\/index.php\/wp-json\/wp\/v2\/pages\/49\/revisions"}],"predecessor-version":[{"id":59,"href":"https:\/\/soma.cat\/index.php\/wp-json\/wp\/v2\/pages\/49\/revisions\/59"}],"wp:attachment":[{"href":"https:\/\/soma.cat\/index.php\/wp-json\/wp\/v2\/media?parent=49"}],"curies":[{"name":"wp","href":"https:\/\/api.w.org\/{rel}","templated":true}]}}