{"id":23,"date":"2020-12-06T22:16:12","date_gmt":"2020-12-06T22:16:12","guid":{"rendered":"https:\/\/soma.cat\/?page_id=23"},"modified":"2020-12-06T22:16:12","modified_gmt":"2020-12-06T22:16:12","slug":"cookies","status":"publish","type":"page","link":"https:\/\/soma.cat\/index.php\/cookies\/","title":{"rendered":"Cookies"},"content":{"rendered":"\n<p>Una cookie es un fragmento de texto que el navegador del usuario crea y que archiva \u00fanicamente su ordenador. El navegador del usuario utiliza la informaci\u00f3n sobre la visita a la web para personalizar ciertas p\u00e1ginas o elementos. A efectos de an\u00e1lisis estad\u00edsticos, tambi\u00e9n puede emplearse una cookie para transmitir a nuestro servidor un n\u00famero \u00fanico y an\u00f3nimo generado al azar. No es posible identificar al usuario mediante una cookie. Por lo general, una cookie contiene el nombre del dominio de donde procede la misma, su \u201ctiempo de vida\u201d y un valor, que suele ser un valor de texto o un n\u00famero \u00fanico generado al azar.<\/p>\n\n\n\n<p>El usuario puede modificar la configuraci\u00f3n de su navegador para impedir la instalaci\u00f3n de cookies o bien para recibir una notificaci\u00f3n cuando reciba una nueva cookie.<\/p>\n\n\n\n<p>Se informa al\/a la visitante sobre algunos de los datos habituales que se registran en cada visita:<\/p>\n\n\n\n<p>Direcciones IP del proveedor de servicios de internet.<br>Versiones de navegador.<br>Promedio del n\u00famero de p\u00e1ginas consultadas.<br>Promedio de la duraci\u00f3n de la visita.<br>Tr\u00e1fico total de visitantes.<\/p>\n\n\n\n<p>Esta p\u00e1gina web utiliza Google Analytics, un servicio anal\u00edtico de web prestado por Google, Inc., una compa\u00f1\u00eda de Delaware cuya oficina principal est\u00e1 en: 1600 Amphitheatre Parkway, Mountain View (California), CA 94043, EE UU (\u201cGoogle\u201d). Google Analytics utiliza cookies, que son archivos de texto ubicados en su ordenador, para ayudar al website a analizar el empleo que hacen los usuarios y usuarias del sitio web. La informaci\u00f3n que genera la cookie acerca del empleo del website (incluyendo su direcci\u00f3n IP) ser\u00e1 directamente transmitida y archivada por Google en los servidores de EE UU. Google utilizar\u00e1 esta informaci\u00f3n por cuenta nuestra con el prop\u00f3sito de seguir la pista del uso del website, recopilando informes de la actividad del website y prestando otros servicios relacionados con la actividad de \u00e9ste y la utilizaci\u00f3n de internet.<\/p>\n\n\n\n<p>Google podr\u00e1 transmitir dicha informaci\u00f3n a terceros cuando as\u00ed se lo requiera la legislaci\u00f3n, o cuando dichos terceros procesen la informaci\u00f3n por cuenta de Google. Asimismo, Google no asociar\u00e1 su direcci\u00f3n IP con ning\u00fan otro dato del que disponga la compa\u00f1\u00eda. Puede usted refutar el tratamiento de los datos o la informaci\u00f3n rechazando el uso de cookies mediante la selecci\u00f3n de la configuraci\u00f3n apropiada de su navegador; sin embargo, debe usted saber que, si lo hace, es posible que no pueda utilizar plenamente las funciones de este website. Al emplear este sitio web, consiente el tratamiento de informaci\u00f3n acerca de usted por parte de Google en la forma y para los fines arriba indicados.<\/p>\n","protected":false},"excerpt":{"rendered":"<p>Una cookie es un fragmento de texto que el navegador del usuario crea y que archiva \u00fanicamente su ordenador. El navegador del usuario utiliza la informaci\u00f3n sobre la visita a la web para personalizar ciertas p\u00e1ginas o elementos. A efectos de an\u00e1lisis estad\u00edsticos, tambi\u00e9n puede emplearse una cookie para transmitir a nuestro servidor un n\u00famero &hellip; <\/p>\n<p class=\"link-more\"><a href=\"https:\/\/soma.cat\/index.php\/cookies\/\" class=\"more-link\">Continue reading<span class=\"screen-reader-text\"> &#8220;Cookies&#8221;<\/span><\/a><\/p>\n","protected":false},"author":1,"featured_media":0,"parent":0,"menu_order":0,"comment_status":"closed","ping_status":"closed","template":"","meta":{"footnotes":""},"class_list":["post-23","page","type-page","status-publish","hentry"],"_links":{"self":[{"href":"https:\/\/soma.cat\/index.php\/wp-json\/wp\/v2\/pages\/23","targetHints":{"allow":["GET"]}}],"collection":[{"href":"https:\/\/soma.cat\/index.php\/wp-json\/wp\/v2\/pages"}],"about":[{"href":"https:\/\/soma.cat\/index.php\/wp-json\/wp\/v2\/types\/page"}],"author":[{"embeddable":true,"href":"https:\/\/soma.cat\/index.php\/wp-json\/wp\/v2\/users\/1"}],"replies":[{"embeddable":true,"href":"https:\/\/soma.cat\/index.php\/wp-json\/wp\/v2\/comments?post=23"}],"version-history":[{"count":1,"href":"https:\/\/soma.cat\/index.php\/wp-json\/wp\/v2\/pages\/23\/revisions"}],"predecessor-version":[{"id":24,"href":"https:\/\/soma.cat\/index.php\/wp-json\/wp\/v2\/pages\/23\/revisions\/24"}],"wp:attachment":[{"href":"https:\/\/soma.cat\/index.php\/wp-json\/wp\/v2\/media?parent=23"}],"curies":[{"name":"wp","href":"https:\/\/api.w.org\/{rel}","templated":true}]}}