{"id":16,"date":"2020-12-06T22:01:13","date_gmt":"2020-12-06T22:01:13","guid":{"rendered":"https:\/\/soma.cat\/?page_id=16"},"modified":"2020-12-06T22:13:10","modified_gmt":"2020-12-06T22:13:10","slug":"aviso-legal","status":"publish","type":"page","link":"https:\/\/soma.cat\/index.php\/aviso-legal\/","title":{"rendered":"Aviso legal"},"content":{"rendered":"\n<p><br>En lo sucesivo, el t\u00e9rmino \u00abeste sitio\u00bb hace referencia al sitio web soma.cat e indica tanto el dominio en el que se encuentra albergada esta p\u00e1gina web, como cualquiera de sus subdominios. Asimismo, el t\u00e9rmino \u00abesta empresa\u00bb hace referencia a la empresa administradora de este sitio y de sus contenidos. Puede solicitar todos los datos legales de esta empresa escribiendo a la direcci\u00f3n de correo electr\u00f3nico francesc@soma.cat.<\/p>\n\n\n\n<p>El acceso a este sitio implica la aceptaci\u00f3n de nuestra pol\u00edtica de privacidad y las condiciones de uso. El usuario acepta voluntaria y expresamente que el uso del sitio soma.cat se realiza en todo caso bajo su \u00fanica y exclusiva responsabilidad.<\/p>\n\n\n\n<p>Condiciones de uso<br>En la utilizaci\u00f3n de este sitio, el usuario se compromete a no llevar a cabo ninguna conducta que pudiera da\u00f1ar la imagen, los intereses y los derechos de soma.cat o de terceros o que pudiera da\u00f1ar, inutilizar o sobrecargar este sitio, o que impidiera, de cualquier forma, la normal utilizaci\u00f3n de este sitio.<\/p>\n\n\n\n<p>Los contenidos del sitio soma.cat son puestos a disposici\u00f3n del usuario con informaci\u00f3n procedente tanto de fuentes propias como de terceros.<\/p>\n\n\n\n<p>soma.cat procura que los contenidos sean de la mayor calidad posible y est\u00e9n razonablemente actualizados, pero no garantiza la utilidad, exactitud, exhaustividad, pertinencia y\/o actualidad de los contenidos.<\/p>\n\n\n\n<p>Mediante estas condiciones de uso no se cede ning\u00fan derecho de propiedad intelectual o industrial sobre el sitio soma.cat ni sobre ninguno de sus elementos integrantes, quedando expresamente prohibidos al usuario la reproducci\u00f3n, transformaci\u00f3n, distribuci\u00f3n, comunicaci\u00f3n p\u00fablica, puesta a disposici\u00f3n, extracci\u00f3n, reutilizaci\u00f3n, reenv\u00edo o la utilizaci\u00f3n de cualquier naturaleza, por cualquier medio o procedimiento, de cualquiera de ellos, salvo en los casos en que est\u00e9 legalmente permitido o sea autorizado por el titular de los correspondientes derechos.<\/p>\n\n\n\n<p>Estas condiciones de uso se rigen por la ley espa\u00f1ola.<\/p>\n\n\n\n<p>Enlaces con otros sitios web<br>El presente sitio web puede contener enlaces o links con otros sitios. Se informa que el titular de este sitio web no dispone de control alguno ni ostenta responsabilidad alguna sobre las pol\u00edticas o medidas de protecci\u00f3n de datos de otros sitios web.<\/p>\n\n\n\n<p>soma.cat participa en el Programa de Afiliados de Amazon EU, un programa de publicidad para afiliados dise\u00f1ado para ofrecer a sitios web un modo de obtener comisiones por publicidad, publicitando e incluyendo enlaces a Amazon.es.<\/p>\n\n\n\n<p>Derechos de los usuarios<br>El usuario podr\u00e1 ejercitar, respecto a los datos recabados en la forma prevista, los derechos reconocidos por la Ley Org\u00e1nica 15\/1999, de 13 de Diciembre, de Protecci\u00f3n de Datos de Car\u00e1cter Personal, y en particular los derechos de acceso, rectificaci\u00f3n o cancelaci\u00f3n de datos y oposici\u00f3n, si resultase pertinente.<\/p>\n\n\n\n<p>Los derechos de cancelaci\u00f3n, oposici\u00f3n y revocaci\u00f3n del consentimiento para la cesi\u00f3n podr\u00e1n ser ejercitados por el usuario, y en su caso quien lo represente, mediante solicitud remitida por correo ordinario, firmado y acompa\u00f1ado de fotocopia del D.N.I, a la direcci\u00f3n fiscal del titular del sitio web.<\/p>\n\n\n\n<p>El titular del sitio web informa que los datos personales recabados, cuando hayan dejado de ser necesarios o pertinentes para la finalidad para la cual fueron recogidos, ser\u00e1n cancelados conforme establece la normativa de protecci\u00f3n de datos de car\u00e1cter personal.<\/p>\n\n\n\n<p>Condiciones del servicio<br>No est\u00e1 permitida la reproducci\u00f3n de los contenidos (de cualquier tipo) publicados en este sitio sin el consentimiento expreso del autor de dicha web. En este caso hablamos de textos, gr\u00e1ficos, c\u00f3digo fuente, y cualquier otro contenido que sea servido desde esta p\u00e1gina web.<\/p>\n\n\n\n<p>Si se requiere aclarar alg\u00fan aspecto relacionado con este aviso legal, puede ponerse en contacto con el titular del mismo a trav\u00e9s de la direcci\u00f3n de correo electr\u00f3nico francesc@soma.cat <\/p>\n","protected":false},"excerpt":{"rendered":"<p>En lo sucesivo, el t\u00e9rmino \u00abeste sitio\u00bb hace referencia al sitio web soma.cat e indica tanto el dominio en el que se encuentra albergada esta p\u00e1gina web, como cualquiera de sus subdominios. Asimismo, el t\u00e9rmino \u00abesta empresa\u00bb hace referencia a la empresa administradora de este sitio y de sus contenidos. Puede solicitar todos los datos &hellip; <\/p>\n<p class=\"link-more\"><a href=\"https:\/\/soma.cat\/index.php\/aviso-legal\/\" class=\"more-link\">Continue reading<span class=\"screen-reader-text\"> &#8220;Aviso legal&#8221;<\/span><\/a><\/p>\n","protected":false},"author":1,"featured_media":0,"parent":0,"menu_order":0,"comment_status":"closed","ping_status":"closed","template":"","meta":{"footnotes":""},"class_list":["post-16","page","type-page","status-publish","hentry"],"_links":{"self":[{"href":"https:\/\/soma.cat\/index.php\/wp-json\/wp\/v2\/pages\/16","targetHints":{"allow":["GET"]}}],"collection":[{"href":"https:\/\/soma.cat\/index.php\/wp-json\/wp\/v2\/pages"}],"about":[{"href":"https:\/\/soma.cat\/index.php\/wp-json\/wp\/v2\/types\/page"}],"author":[{"embeddable":true,"href":"https:\/\/soma.cat\/index.php\/wp-json\/wp\/v2\/users\/1"}],"replies":[{"embeddable":true,"href":"https:\/\/soma.cat\/index.php\/wp-json\/wp\/v2\/comments?post=16"}],"version-history":[{"count":2,"href":"https:\/\/soma.cat\/index.php\/wp-json\/wp\/v2\/pages\/16\/revisions"}],"predecessor-version":[{"id":22,"href":"https:\/\/soma.cat\/index.php\/wp-json\/wp\/v2\/pages\/16\/revisions\/22"}],"wp:attachment":[{"href":"https:\/\/soma.cat\/index.php\/wp-json\/wp\/v2\/media?parent=16"}],"curies":[{"name":"wp","href":"https:\/\/api.w.org\/{rel}","templated":true}]}}